{"id":946,"date":"2023-07-11T11:33:39","date_gmt":"2023-07-11T11:33:39","guid":{"rendered":"https:\/\/www.premiojovellanos.com\/?page_id=946"},"modified":"2023-07-11T11:55:53","modified_gmt":"2023-07-11T11:55:53","slug":"premio-jovellanos","status":"publish","type":"page","link":"https:\/\/www.premiojovellanos.com\/?page_id=946","title":{"rendered":"Premio Jovellanos"},"content":{"rendered":"\n<div class=\"wp-block-columns is-layout-flex wp-container-core-columns-is-layout-28f84493 wp-block-columns-is-layout-flex\">\n<div class=\"wp-block-column is-layout-flow wp-block-column-is-layout-flow\" style=\"flex-basis:100%\">\n<div class=\"wp-block-uagb-container uagb-block-413bfd77 alignfull uagb-is-root-container\"><div class=\"uagb-container-inner-blocks-wrap\">\n<p>El galard\u00f3n, que tiene periodicidad anual, fue instituido en 1994, al cumplirse el doscientos cincuenta aniversario del nacimiento de Gaspar Melchor de Jovellanos, uno de los hombres de esp\u00edritu m\u00e1s universal de la cultura espa\u00f1ola, para quien ninguna rama del saber fue ajena. Unos meses antes de morir, Jovellanos escribi\u00f3 lo siguiente: \u201cY aunque es para m\u00ed muy dulce la esperanza de que mi nombre no quedar\u00e1 enteramente sepultado en el olvido, no es porque crea que ser\u00e1 celebrado con aplauso sino recordado con l\u00e1stima y ternura\u201d. EDICIONES NOBEL, que naci\u00f3 en la misma tierra asturiana de tan ilustre personalidad, quiere colaborar con esta iniciativa a mantener vivo el recuerdo de aquel \u201calma heroica y hermos\u00edsima\u201d, como le defini\u00f3 Men\u00e9ndez Pelayo.<br>El PREMIO INTERNACIONAL DE ENSAYO JOVELLANOS tiene por finalidad dar a conocer propuestas originales y reflexiones profundas que estimulen la apertura de nuevos caminos en la permanente lucha del hombre por ensanchar los horizontes de su conocimiento y por hallar respuestas a los numerosos problemas e interrogantes que conmueven a la sociedad contempor\u00e1nea.<\/p>\n\n\n\n<p><br>La obra ganadora ser\u00e1 publicada tras conocerse el fallo del jurado, queriendo aportar as\u00ed al sector del libro y al panorama cultural espa\u00f1ol un producto editorial de contrastada calidad. La concesi\u00f3n de este galard\u00f3n, cuya dotaci\u00f3n econ\u00f3mica es de 9.000 euros, estar\u00e1 sujeta al reglamento que acompa\u00f1a a la presente convocatoria. Gaspar Melchor de Jovellanos (Gij\u00f3n, 1744 &#8211; Puerto de Vega, 1811) es, sin duda alguna, el m\u00e1s representativo de los autores del siglo XVIII y la figura m\u00e1s se\u00f1era de la Ilustraci\u00f3n espa\u00f1ola. Lo es igualmente de la modernizaci\u00f3n de Espa\u00f1a y de su querida tierra natal, el Principado de Asturias.<br>Su abundante obra, tem\u00e1ticamente muy diversa, constituye un aut\u00e9ntico programa de regeneraci\u00f3n y transformaci\u00f3n social. La incomprensi\u00f3n y persecuci\u00f3n pol\u00edtica de que fue objeto no le apartaron nunca de su trabajo intelectual ni de la denuncia de los males del pa\u00eds. As\u00ed lo escribi\u00f3 en el Discurso sobre los medios de promover la felicidad de Asturias: \u201cComo busco el bien de mi patria con \u00e1nimo puro y desinteresado, nada me detendr\u00e1 en la exposici\u00f3n de mis ideas\u201d.<\/p>\n\n\n\n<div class=\"wp-block-uagb-image alignleft uagb-block-ae21d658 wp-block-uagb-image--layout-default wp-block-uagb-image--effect-static wp-block-uagb-image--align-left\"><figure class=\"wp-block-uagb-image__figure\"><img loading=\"lazy\" decoding=\"async\" srcset=\"https:\/\/www.premiojovellanos.com\/wp-content\/uploads\/2023\/07\/208419_orig.jpg \" sizes=\"auto, (max-width: 480px) 150px\" src=\"https:\/\/www.premiojovellanos.com\/wp-content\/uploads\/2023\/07\/208419_orig.jpg\" alt=\"\" class=\"uag-image-901\" width=\"313\" height=\"496\" title=\"\" loading=\"lazy\"\/><\/figure><\/div>\n\n\n\n<p><br>La clarividente inteligencia de Jovellanos no se conform\u00f3 con el puro an\u00e1lisis y descripci\u00f3n de los viejos problemas nacionales: la ignorancia, los privilegios de la nobleza y la iglesia, el descuido de las ciencias y los idiomas, la carencia de centros de formaci\u00f3n profesional, la falta de proyectos p\u00fablicos para mejorar las condiciones de vida y de la econom\u00eda del pa\u00eds, etc., sino que propuso remedios a estos males, estudi\u00f3 la viabilidad de puertos y carreteras, emprendi\u00f3 personalmente la creaci\u00f3n de institutos y programas de ense\u00f1anza, e hizo precisas recomendaciones para contribuir a la prosperidad de la naci\u00f3n.<br>Sus escritos encierran una intenci\u00f3n reformadora y manifiestan una inquebrantable fe en el progreso y en las posibilidades del hombre. En su mente estuvo siempre la necesidad de superar la decadencia cultural, moral, econ\u00f3mica y pol\u00edtica de Espa\u00f1a. Su obra sigue siendo una clara luz en nuestra memoria hist\u00f3rica, y su nombre, un estandarte de libertad y renovaci\u00f3n que se mantiene vigente para todas las tierras y todos los pueblos.&nbsp;<\/p>\n<\/div><\/div>\n<\/div>\n<\/div>\n","protected":false},"excerpt":{"rendered":"<p>El galard\u00f3n, que tiene periodicidad anual, fue instituido en 1994, al cumplirse el doscientos cincuenta aniversario del nacimiento de Gaspar Melchor de Jovellanos, uno de los hombres de esp\u00edritu m\u00e1s universal de la cultura espa\u00f1ola, para quien ninguna rama del saber fue ajena. Unos meses antes de morir, Jovellanos escribi\u00f3 lo siguiente: \u201cY aunque es &hellip;<\/p>\n<p class=\"read-more\"> <a class=\"\" href=\"https:\/\/www.premiojovellanos.com\/?page_id=946\"> <span class=\"screen-reader-text\">Premio Jovellanos<\/span> Leer m\u00e1s &raquo;<\/a><\/p>\n","protected":false},"author":1,"featured_media":0,"parent":0,"menu_order":0,"comment_status":"closed","ping_status":"closed","template":"","meta":{"_uag_custom_page_level_css":"","site-sidebar-layout":"default","site-content-layout":"default","ast-global-header-display":"","ast-banner-title-visibility":"","ast-main-header-display":"","ast-hfb-above-header-display":"","ast-hfb-below-header-display":"","ast-hfb-mobile-header-display":"","site-post-title":"","ast-breadcrumbs-content":"","ast-featured-img":"","footer-sml-layout":"","theme-transparent-header-meta":"","adv-header-id-meta":"","stick-header-meta":"","header-above-stick-meta":"","header-main-stick-meta":"","header-below-stick-meta":"","footnotes":""},"class_list":["post-946","page","type-page","status-publish","hentry"],"uagb_featured_image_src":{"full":false,"thumbnail":false,"medium":false,"medium_large":false,"large":false,"1536x1536":false,"2048x2048":false},"uagb_author_info":{"display_name":"admin","author_link":"https:\/\/www.premiojovellanos.com\/?author=1"},"uagb_comment_info":0,"uagb_excerpt":"El galard\u00f3n, que tiene periodicidad anual, fue instituido en 1994, al cumplirse el doscientos cincuenta aniversario del nacimiento de Gaspar Melchor de Jovellanos, uno de los hombres de esp\u00edritu m\u00e1s universal de la cultura espa\u00f1ola, para quien ninguna rama del saber fue ajena. Unos meses antes de morir, Jovellanos escribi\u00f3 lo siguiente: \u201cY aunque es&hellip;","_links":{"self":[{"href":"https:\/\/www.premiojovellanos.com\/index.php?rest_route=\/wp\/v2\/pages\/946","targetHints":{"allow":["GET"]}}],"collection":[{"href":"https:\/\/www.premiojovellanos.com\/index.php?rest_route=\/wp\/v2\/pages"}],"about":[{"href":"https:\/\/www.premiojovellanos.com\/index.php?rest_route=\/wp\/v2\/types\/page"}],"author":[{"embeddable":true,"href":"https:\/\/www.premiojovellanos.com\/index.php?rest_route=\/wp\/v2\/users\/1"}],"replies":[{"embeddable":true,"href":"https:\/\/www.premiojovellanos.com\/index.php?rest_route=%2Fwp%2Fv2%2Fcomments&post=946"}],"version-history":[{"count":3,"href":"https:\/\/www.premiojovellanos.com\/index.php?rest_route=\/wp\/v2\/pages\/946\/revisions"}],"predecessor-version":[{"id":950,"href":"https:\/\/www.premiojovellanos.com\/index.php?rest_route=\/wp\/v2\/pages\/946\/revisions\/950"}],"wp:attachment":[{"href":"https:\/\/www.premiojovellanos.com\/index.php?rest_route=%2Fwp%2Fv2%2Fmedia&parent=946"}],"curies":[{"name":"wp","href":"https:\/\/api.w.org\/{rel}","templated":true}]}}