{"id":939,"date":"2023-07-11T10:27:22","date_gmt":"2023-07-11T10:27:22","guid":{"rendered":"https:\/\/www.premiojovellanos.com\/?page_id=939"},"modified":"2026-04-20T07:23:31","modified_gmt":"2026-04-20T07:23:31","slug":"convocatoria-2024","status":"publish","type":"page","link":"https:\/\/www.premiojovellanos.com\/?page_id=939","title":{"rendered":"Convocatoria 2027"},"content":{"rendered":"\r\n<p>&nbsp;<\/p>\r\n\r\n\r\n\r\n<p>EDICIONES NOBEL convoca la\u00a0<strong> trig\u00e9simo tercera edici\u00f3n del PREMIO INTERNACIONAL DE ENSAYO JOVELLANOS,<\/strong>\u00a0cuyo objeto es distinguir creaciones originales e in\u00e9ditas que supongan una aportaci\u00f3n relevante en los campos del pensamiento, las humanidades, las ciencias sociales y de la naturaleza, escritas por autores de cualquier pa\u00eds del mundo.<\/p>\r\n\r\n\r\n\r\n<div class=\"wp-block-uagb-separator uagb-block-4142b0c6\">\r\n<div class=\"wp-block-uagb-separator__inner\">\u00a0<\/div>\r\n<\/div>\r\n\r\n\r\n\r\n<p>Para participar, haga clic en el\u00a0<a href=\"https:\/\/forms.gle\/9vmcby7ZipHE3Hpn6\"><strong>siguiente enlace<\/strong><\/a>\u00a0donde le pediremos sus datos y podr\u00e1 subir el ensayo y el resumen obligatorio.\u00a0<\/p>\r\n\r\n\r\n\r\n<p><a href=\"https:\/\/docs.google.com\/forms\/d\/e\/1FAIpQLSesMc7uQU9SR6wbsFFx-x2JuGqvM8UXzLapaBlgETQxGlUAMw\/viewform?usp=header\"><img decoding=\"async\" class=\"aligncenter wp-image-1232 size-full\" src=\"https:\/\/www.premiojovellanos.com\/wp-content\/uploads\/2026\/04\/button_participar.png\" alt=\"\" width=\"216\" height=\"66\" \/><\/a><\/p>\r\n\r\n\r\n\r\n<p><strong>Fallo<\/strong><\/p>\r\n\r\n\r\n\r\n<p>El fallo de la presente edici\u00f3n se dar\u00e1 a conocer, en una fecha a\u00fan por concretar, tras la deliberaci\u00f3n del jurado.<\/p>\r\n\r\n\r\n\r\n<div class=\"wp-block-uagb-call-to-action uagb-block-8f726155 wp-block-button\">\r\n<div class=\"uagb-cta__wrap\">\r\n<p class=\"uagb-cta__desc\"><a href=\"https:\/\/www.premiojovellanos.com\/wp-content\/uploads\/2026\/02\/Bases-Jovellanos-2027.pdf\">Descargar las Bases del Premio Jovellanos de Ensayo 2027<\/a><\/p>\r\n<\/div>\r\n<\/div>\r\n<div class=\"wp-block-file\">\u00a0<\/div>\r\n","protected":false},"excerpt":{"rendered":"<p>&nbsp; EDICIONES NOBEL convoca la\u00a0 trig\u00e9simo tercera edici\u00f3n del PREMIO INTERNACIONAL DE ENSAYO JOVELLANOS,\u00a0cuyo objeto es distinguir creaciones originales e in\u00e9ditas que supongan una aportaci\u00f3n relevante en los campos del pensamiento, las humanidades, las ciencias sociales y de la naturaleza, escritas por autores de cualquier pa\u00eds del mundo. Para participar, haga clic en el\u00a0siguiente enlace\u00a0donde &hellip;<\/p>\n<p class=\"read-more\"> <a class=\"\" href=\"https:\/\/www.premiojovellanos.com\/?page_id=939\"> <span class=\"screen-reader-text\">Convocatoria 2027<\/span> Leer m\u00e1s &raquo;<\/a><\/p>\n","protected":false},"author":1,"featured_media":0,"parent":0,"menu_order":0,"comment_status":"closed","ping_status":"closed","template":"","meta":{"_uag_custom_page_level_css":"","site-sidebar-layout":"default","site-content-layout":"default","ast-global-header-display":"","ast-banner-title-visibility":"","ast-main-header-display":"","ast-hfb-above-header-display":"","ast-hfb-below-header-display":"","ast-hfb-mobile-header-display":"","site-post-title":"","ast-breadcrumbs-content":"","ast-featured-img":"","footer-sml-layout":"","theme-transparent-header-meta":"default","adv-header-id-meta":"","stick-header-meta":"","header-above-stick-meta":"","header-main-stick-meta":"","header-below-stick-meta":"","footnotes":""},"class_list":["post-939","page","type-page","status-publish","hentry"],"uagb_featured_image_src":{"full":false,"thumbnail":false,"medium":false,"medium_large":false,"large":false,"1536x1536":false,"2048x2048":false},"uagb_author_info":{"display_name":"admin","author_link":"https:\/\/www.premiojovellanos.com\/?author=1"},"uagb_comment_info":0,"uagb_excerpt":"&nbsp; EDICIONES NOBEL convoca la\u00a0 trig\u00e9simo tercera edici\u00f3n del PREMIO INTERNACIONAL DE ENSAYO JOVELLANOS,\u00a0cuyo objeto es distinguir creaciones originales e in\u00e9ditas que supongan una aportaci\u00f3n relevante en los campos del pensamiento, las humanidades, las ciencias sociales y de la naturaleza, escritas por autores de cualquier pa\u00eds del mundo. Para participar, haga clic en el\u00a0siguiente enlace\u00a0donde&hellip;","_links":{"self":[{"href":"https:\/\/www.premiojovellanos.com\/index.php?rest_route=\/wp\/v2\/pages\/939","targetHints":{"allow":["GET"]}}],"collection":[{"href":"https:\/\/www.premiojovellanos.com\/index.php?rest_route=\/wp\/v2\/pages"}],"about":[{"href":"https:\/\/www.premiojovellanos.com\/index.php?rest_route=\/wp\/v2\/types\/page"}],"author":[{"embeddable":true,"href":"https:\/\/www.premiojovellanos.com\/index.php?rest_route=\/wp\/v2\/users\/1"}],"replies":[{"embeddable":true,"href":"https:\/\/www.premiojovellanos.com\/index.php?rest_route=%2Fwp%2Fv2%2Fcomments&post=939"}],"version-history":[{"count":14,"href":"https:\/\/www.premiojovellanos.com\/index.php?rest_route=\/wp\/v2\/pages\/939\/revisions"}],"predecessor-version":[{"id":1238,"href":"https:\/\/www.premiojovellanos.com\/index.php?rest_route=\/wp\/v2\/pages\/939\/revisions\/1238"}],"wp:attachment":[{"href":"https:\/\/www.premiojovellanos.com\/index.php?rest_route=%2Fwp%2Fv2%2Fmedia&parent=939"}],"curies":[{"name":"wp","href":"https:\/\/api.w.org\/{rel}","templated":true}]}}